{"id":49778,"date":"2024-07-08T09:56:05","date_gmt":"2024-07-08T07:56:05","guid":{"rendered":"https:\/\/www.globesy.sk\/eticky-kodex\/"},"modified":"2026-02-25T14:59:16","modified_gmt":"2026-02-25T13:59:16","slug":"eticky-kodex","status":"publish","type":"page","link":"https:\/\/www.globesy.sk\/cs\/eticky-kodex\/","title":{"rendered":"Etick\u00fd kodex"},"content":{"rendered":"\t\t<div data-elementor-type=\"wp-page\" data-elementor-id=\"49778\" class=\"elementor elementor-49778 elementor-30302\" data-elementor-post-type=\"page\">\n\t\t\t\t\t\t<section class=\"has_eae_slider elementor-section elementor-top-section elementor-element elementor-element-3747841 elementor-section-height-min-height elementor-section-boxed elementor-section-height-default elementor-section-items-middle\" data-eae-slider=\"99918\" data-id=\"3747841\" data-element_type=\"section\" data-e-type=\"section\" data-settings=\"{&quot;background_background&quot;:&quot;classic&quot;}\">\n\t\t\t\t\t\t\t<div class=\"elementor-background-overlay\"><\/div>\n\t\t\t\t\t\t\t<div class=\"elementor-container elementor-column-gap-default\">\n\t\t\t\t\t<div class=\"has_eae_slider elementor-column elementor-col-100 elementor-top-column elementor-element elementor-element-eeb907e\" data-eae-slider=\"83225\" data-id=\"eeb907e\" data-element_type=\"column\" data-e-type=\"column\">\n\t\t\t<div class=\"elementor-widget-wrap elementor-element-populated\">\n\t\t\t\t\t\t<div class=\"elementor-element elementor-element-bbc954b elementor-position-inline-end elementor-mobile-position-inline-end elementor-view-default elementor-widget elementor-widget-icon-box\" data-id=\"bbc954b\" data-element_type=\"widget\" data-e-type=\"widget\" data-widget_type=\"icon-box.default\">\n\t\t\t\t<div class=\"elementor-widget-container\">\n\t\t\t\t\t\t\t<div class=\"elementor-icon-box-wrapper\">\n\n\t\t\t\t\t\t<div class=\"elementor-icon-box-icon\">\n\t\t\t\t<a href=\"\/wp-content\/uploads\/2024\/07\/GLOBESY_Eticky_kodex_SK_2024.pdf\" target=\"_blank\" class=\"elementor-icon\" tabindex=\"-1\" aria-label=\"Etick\u00fd kodex\">\n\t\t\t\t<svg xmlns=\"http:\/\/www.w3.org\/2000\/svg\" width=\"28\" height=\"32\" viewBox=\"0 0 28 32\"><path id=\"Path_14166\" data-name=\"Path 14166\" d=\"M2-20v3H6.756L0-10.244-6.756-17H-2v-8H2ZM2.119-8.119,10-16v-4H5v-8H-5v8h-5v4l7.881,7.881L0-6ZM-11-6.5V-8h-3V4H14V-8H11V1H-11Z\" transform=\"translate(14 28)\"><\/path><\/svg>\t\t\t\t<\/a>\n\t\t\t<\/div>\n\t\t\t\n\t\t\t\t\t\t<div class=\"elementor-icon-box-content\">\n\n\t\t\t\t\t\t\t\t\t<p class=\"elementor-icon-box-title\">\n\t\t\t\t\t\t<a href=\"\/wp-content\/uploads\/2024\/07\/GLOBESY_Eticky_kodex_SK_2024.pdf\" target=\"_blank\" >\n\t\t\t\t\t\t\tEtick\u00fd kodex\t\t\t\t\t\t<\/a>\n\t\t\t\t\t<\/p>\n\t\t\t\t\n\t\t\t\t\n\t\t\t<\/div>\n\t\t\t\n\t\t<\/div>\n\t\t\t\t\t\t<\/div>\n\t\t\t\t<\/div>\n\t\t\t\t\t<\/div>\n\t\t<\/div>\n\t\t\t\t\t<\/div>\n\t\t<\/section>\n\t\t\t\t<\/div>\n\t\t","protected":false},"excerpt":{"rendered":"<p>Etick\u00fd kodex<\/p>\n","protected":false},"author":1,"featured_media":0,"parent":0,"menu_order":0,"comment_status":"closed","ping_status":"closed","template":"","meta":{"inline_featured_image":false,"site-sidebar-layout":"no-sidebar","site-content-layout":"page-builder","ast-site-content-layout":"default","site-content-style":"default","site-sidebar-style":"default","ast-global-header-display":"","ast-banner-title-visibility":"","ast-main-header-display":"","ast-hfb-above-header-display":"","ast-hfb-below-header-display":"","ast-hfb-mobile-header-display":"","site-post-title":"disabled","ast-breadcrumbs-content":"","ast-featured-img":"disabled","footer-sml-layout":"","ast-disable-related-posts":"","theme-transparent-header-meta":"","adv-header-id-meta":"","stick-header-meta":"","header-above-stick-meta":"","header-main-stick-meta":"","header-below-stick-meta":"","astra-migrate-meta-layouts":"default","ast-page-background-enabled":"default","ast-page-background-meta":{"desktop":{"background-color":"var(--ast-global-color-4)","background-image":"","background-repeat":"repeat","background-position":"center center","background-size":"auto","background-attachment":"scroll","background-type":"","background-media":"","overlay-type":"","overlay-color":"","overlay-opacity":"","overlay-gradient":""},"tablet":{"background-color":"","background-image":"","background-repeat":"repeat","background-position":"center center","background-size":"auto","background-attachment":"scroll","background-type":"","background-media":"","overlay-type":"","overlay-color":"","overlay-opacity":"","overlay-gradient":""},"mobile":{"background-color":"","background-image":"","background-repeat":"repeat","background-position":"center center","background-size":"auto","background-attachment":"scroll","background-type":"","background-media":"","overlay-type":"","overlay-color":"","overlay-opacity":"","overlay-gradient":""}},"ast-content-background-meta":{"desktop":{"background-color":"var(--ast-global-color-5)","background-image":"","background-repeat":"repeat","background-position":"center center","background-size":"auto","background-attachment":"scroll","background-type":"","background-media":"","overlay-type":"","overlay-color":"","overlay-opacity":"","overlay-gradient":""},"tablet":{"background-color":"var(--ast-global-color-5)","background-image":"","background-repeat":"repeat","background-position":"center center","background-size":"auto","background-attachment":"scroll","background-type":"","background-media":"","overlay-type":"","overlay-color":"","overlay-opacity":"","overlay-gradient":""},"mobile":{"background-color":"var(--ast-global-color-5)","background-image":"","background-repeat":"repeat","background-position":"center center","background-size":"auto","background-attachment":"scroll","background-type":"","background-media":"","overlay-type":"","overlay-color":"","overlay-opacity":"","overlay-gradient":""}},"footnotes":""},"class_list":["post-49778","page","type-page","status-publish","hentry"],"yoast_head":"<!-- This site is optimized with the Yoast SEO plugin v27.4 - https:\/\/yoast.com\/product\/yoast-seo-wordpress\/ -->\n<title>Etick\u00fd kodex - GLOBESY, s.r.o.<\/title>\n<meta name=\"robots\" content=\"index, follow, max-snippet:-1, max-image-preview:large, max-video-preview:-1\" \/>\n<link rel=\"canonical\" href=\"https:\/\/www.globesy.sk\/cs\/eticky-kodex\/\" \/>\n<meta property=\"og:locale\" content=\"cs_CZ\" \/>\n<meta property=\"og:type\" content=\"article\" \/>\n<meta property=\"og:title\" content=\"Etick\u00fd kodex - GLOBESY, s.r.o.\" \/>\n<meta property=\"og:description\" content=\"Etick\u00fd kodex\" \/>\n<meta property=\"og:url\" content=\"https:\/\/www.globesy.sk\/cs\/eticky-kodex\/\" \/>\n<meta property=\"og:site_name\" content=\"GLOBESY, s.r.o.\" \/>\n<meta property=\"article:publisher\" content=\"https:\/\/www.facebook.com\/GLOBESY\/\" \/>\n<meta property=\"article:modified_time\" content=\"2026-02-25T13:59:16+00:00\" \/>\n<meta name=\"twitter:card\" content=\"summary_large_image\" \/>\n<script type=\"application\/ld+json\" class=\"yoast-schema-graph\">{\"@context\":\"https:\\\/\\\/schema.org\",\"@graph\":[{\"@type\":\"WebPage\",\"@id\":\"https:\\\/\\\/www.globesy.sk\\\/cs\\\/eticky-kodex\\\/\",\"url\":\"https:\\\/\\\/www.globesy.sk\\\/cs\\\/eticky-kodex\\\/\",\"name\":\"Etick\u00fd kodex - GLOBESY, s.r.o.\",\"isPartOf\":{\"@id\":\"https:\\\/\\\/www.globesy.sk\\\/#website\"},\"datePublished\":\"2024-07-08T07:56:05+00:00\",\"dateModified\":\"2026-02-25T13:59:16+00:00\",\"inLanguage\":\"cs\",\"potentialAction\":[{\"@type\":\"ReadAction\",\"target\":[\"https:\\\/\\\/www.globesy.sk\\\/cs\\\/eticky-kodex\\\/\"]}]},{\"@type\":\"WebSite\",\"@id\":\"https:\\\/\\\/www.globesy.sk\\\/#website\",\"url\":\"https:\\\/\\\/www.globesy.sk\\\/\",\"name\":\"GLOBESY, s.r.o.\",\"description\":\"SAP ERP pre informa\u010dn\u00fd syst\u00e9m, v\u00fdvoj, port\u00e1lov\u00e9 rie\u0161enia, mobiln\u00e9 aplik\u00e1cie, konzulta\u010dn\u00e9 slu\u017eby HCM.\",\"publisher\":{\"@id\":\"https:\\\/\\\/www.globesy.sk\\\/#organization\"},\"potentialAction\":[{\"@type\":\"SearchAction\",\"target\":{\"@type\":\"EntryPoint\",\"urlTemplate\":\"https:\\\/\\\/www.globesy.sk\\\/?s={search_term_string}\"},\"query-input\":{\"@type\":\"PropertyValueSpecification\",\"valueRequired\":true,\"valueName\":\"search_term_string\"}}],\"inLanguage\":\"cs\"},{\"@type\":\"Organization\",\"@id\":\"https:\\\/\\\/www.globesy.sk\\\/#organization\",\"name\":\"GLOBESY, s.r.o.\",\"url\":\"https:\\\/\\\/www.globesy.sk\\\/\",\"logo\":{\"@type\":\"ImageObject\",\"inLanguage\":\"cs\",\"@id\":\"https:\\\/\\\/www.globesy.sk\\\/#\\\/schema\\\/logo\\\/image\\\/\",\"url\":\"https:\\\/\\\/www.globesy.sk\\\/wp-content\\\/uploads\\\/2022\\\/07\\\/logogbs-footer.svg\",\"contentUrl\":\"https:\\\/\\\/www.globesy.sk\\\/wp-content\\\/uploads\\\/2022\\\/07\\\/logogbs-footer.svg\",\"width\":221,\"height\":51,\"caption\":\"GLOBESY, s.r.o.\"},\"image\":{\"@id\":\"https:\\\/\\\/www.globesy.sk\\\/#\\\/schema\\\/logo\\\/image\\\/\"},\"sameAs\":[\"https:\\\/\\\/www.facebook.com\\\/GLOBESY\\\/\",\"https:\\\/\\\/www.instagram.com\\\/_globesy_\\\/\",\"https:\\\/\\\/www.linkedin.com\\\/company\\\/globesy-s-r-o-\\\/\"]}]}<\/script>\n<!-- \/ Yoast SEO plugin. -->","yoast_head_json":{"title":"Etick\u00fd kodex - GLOBESY, s.r.o.","robots":{"index":"index","follow":"follow","max-snippet":"max-snippet:-1","max-image-preview":"max-image-preview:large","max-video-preview":"max-video-preview:-1"},"canonical":"https:\/\/www.globesy.sk\/cs\/eticky-kodex\/","og_locale":"cs_CZ","og_type":"article","og_title":"Etick\u00fd kodex - GLOBESY, s.r.o.","og_description":"Etick\u00fd kodex","og_url":"https:\/\/www.globesy.sk\/cs\/eticky-kodex\/","og_site_name":"GLOBESY, s.r.o.","article_publisher":"https:\/\/www.facebook.com\/GLOBESY\/","article_modified_time":"2026-02-25T13:59:16+00:00","twitter_card":"summary_large_image","schema":{"@context":"https:\/\/schema.org","@graph":[{"@type":"WebPage","@id":"https:\/\/www.globesy.sk\/cs\/eticky-kodex\/","url":"https:\/\/www.globesy.sk\/cs\/eticky-kodex\/","name":"Etick\u00fd kodex - GLOBESY, s.r.o.","isPartOf":{"@id":"https:\/\/www.globesy.sk\/#website"},"datePublished":"2024-07-08T07:56:05+00:00","dateModified":"2026-02-25T13:59:16+00:00","inLanguage":"cs","potentialAction":[{"@type":"ReadAction","target":["https:\/\/www.globesy.sk\/cs\/eticky-kodex\/"]}]},{"@type":"WebSite","@id":"https:\/\/www.globesy.sk\/#website","url":"https:\/\/www.globesy.sk\/","name":"GLOBESY, s.r.o.","description":"SAP ERP pre informa\u010dn\u00fd syst\u00e9m, v\u00fdvoj, port\u00e1lov\u00e9 rie\u0161enia, mobiln\u00e9 aplik\u00e1cie, konzulta\u010dn\u00e9 slu\u017eby HCM.","publisher":{"@id":"https:\/\/www.globesy.sk\/#organization"},"potentialAction":[{"@type":"SearchAction","target":{"@type":"EntryPoint","urlTemplate":"https:\/\/www.globesy.sk\/?s={search_term_string}"},"query-input":{"@type":"PropertyValueSpecification","valueRequired":true,"valueName":"search_term_string"}}],"inLanguage":"cs"},{"@type":"Organization","@id":"https:\/\/www.globesy.sk\/#organization","name":"GLOBESY, s.r.o.","url":"https:\/\/www.globesy.sk\/","logo":{"@type":"ImageObject","inLanguage":"cs","@id":"https:\/\/www.globesy.sk\/#\/schema\/logo\/image\/","url":"https:\/\/www.globesy.sk\/wp-content\/uploads\/2022\/07\/logogbs-footer.svg","contentUrl":"https:\/\/www.globesy.sk\/wp-content\/uploads\/2022\/07\/logogbs-footer.svg","width":221,"height":51,"caption":"GLOBESY, s.r.o."},"image":{"@id":"https:\/\/www.globesy.sk\/#\/schema\/logo\/image\/"},"sameAs":["https:\/\/www.facebook.com\/GLOBESY\/","https:\/\/www.instagram.com\/_globesy_\/","https:\/\/www.linkedin.com\/company\/globesy-s-r-o-\/"]}]}},"_links":{"self":[{"href":"https:\/\/www.globesy.sk\/cs\/wp-json\/wp\/v2\/pages\/49778","targetHints":{"allow":["GET"]}}],"collection":[{"href":"https:\/\/www.globesy.sk\/cs\/wp-json\/wp\/v2\/pages"}],"about":[{"href":"https:\/\/www.globesy.sk\/cs\/wp-json\/wp\/v2\/types\/page"}],"author":[{"embeddable":true,"href":"https:\/\/www.globesy.sk\/cs\/wp-json\/wp\/v2\/users\/1"}],"replies":[{"embeddable":true,"href":"https:\/\/www.globesy.sk\/cs\/wp-json\/wp\/v2\/comments?post=49778"}],"version-history":[{"count":1,"href":"https:\/\/www.globesy.sk\/cs\/wp-json\/wp\/v2\/pages\/49778\/revisions"}],"predecessor-version":[{"id":49779,"href":"https:\/\/www.globesy.sk\/cs\/wp-json\/wp\/v2\/pages\/49778\/revisions\/49779"}],"wp:attachment":[{"href":"https:\/\/www.globesy.sk\/cs\/wp-json\/wp\/v2\/media?parent=49778"}],"curies":[{"name":"wp","href":"https:\/\/api.w.org\/{rel}","templated":true}]}}