{"id":49482,"date":"2025-11-24T10:11:05","date_gmt":"2025-11-24T09:11:05","guid":{"rendered":"https:\/\/www.globesy.sk\/um-password-reset\/"},"modified":"2026-02-19T10:56:55","modified_gmt":"2026-02-19T09:56:55","slug":"um-password-reset","status":"publish","type":"page","link":"https:\/\/www.globesy.sk\/cs\/um-password-reset\/","title":{"rendered":"UM &#8211; Password Reset"},"content":{"rendered":"\t\t<div data-elementor-type=\"wp-page\" data-elementor-id=\"49482\" class=\"elementor elementor-49482 elementor-46488\" data-elementor-post-type=\"page\">\n\t\t\t\t\t\t<section class=\"has_eae_slider elementor-section elementor-top-section elementor-element elementor-element-70180a7 elementor-section-height-full elementor-section-boxed elementor-section-height-default elementor-section-items-middle\" data-eae-slider=\"77028\" data-id=\"70180a7\" data-element_type=\"section\" data-e-type=\"section\">\n\t\t\t\t\t\t<div class=\"elementor-container elementor-column-gap-default\">\n\t\t\t\t\t<div class=\"has_eae_slider elementor-column elementor-col-100 elementor-top-column elementor-element elementor-element-d726ecc\" data-eae-slider=\"45859\" data-id=\"d726ecc\" data-element_type=\"column\" data-e-type=\"column\">\n\t\t\t<div class=\"elementor-widget-wrap elementor-element-populated\">\n\t\t\t\t\t\t<div class=\"elementor-element elementor-element-ff951a7 elementor-widget elementor-widget-shortcode\" data-id=\"ff951a7\" data-element_type=\"widget\" data-e-type=\"widget\" data-widget_type=\"shortcode.default\">\n\t\t\t\t<div class=\"elementor-widget-container\">\n\t\t\t\t\t\t\t<div class=\"elementor-shortcode\"><div class=\"um um-password um-um_password_id\">\n\t<div class=\"um-form\">\n\t\t<form method=\"post\" action=\"\">\n\t\t\t\n\t\t\t\t<input type=\"hidden\" name=\"_um_password_reset\" id=\"_um_password_reset\" value=\"1\" \/>\n\n\t\t\t\t\t\t\t\t\t<div class=\"um-field um-field-block um-field-type_block\">\n\t\t\t\t\t\t<div class=\"um-field-block\">\n\t\t\t\t\t\t\t<div style=\"text-align:center;\">\n\t\t\t\t\t\t\t\tPro obnovu hesla zadejte n\u00ed\u017ee va\u0161i e-mailovou adresu nebo u\u017eivatelsk\u00e9 jm\u00e9no.\t\t\t\t\t\t\t<\/div>\n\t\t\t\t\t\t<\/div>\n\t\t\t\t\t<\/div>\n\t\t\t\t\t<div  id=\"um_field_0_username_b\" class=\"um-field um-field-text  um-field-username_b um-field-text um-field-type_text\" data-key=\"username_b\"><div class=\"um-field-area\"><input  autocomplete=\"off\" class=\"um-form-field valid \" type=\"text\" name=\"username_b\" id=\"username_b\" value=\"\" placeholder=\"Zadejte va\u0161e u\u017eivatelsk\u00e9 jm\u00e9no nebo e-mail\" data-validate=\"\" data-key=\"username_b\"  aria-invalid=\"false\" \/>\n\n\t\t\t\t\t\t<\/div><\/div>\t\t\t\t<div class=\"um-col-alt um-col-alt-b\">\n\t\t\t\t\t<div class=\"um-center\">\n\t\t\t\t\t\t<input type=\"submit\" value=\"Obnovit heslo\" class=\"um-button\" id=\"um-submit-btn\" \/>\n\t\t\t\t\t<\/div>\n\t\t\t\t\t<div class=\"um-clear\"><\/div>\n\t\t\t\t<\/div>\n\t\t\t\t\t<input type=\"hidden\" name=\"form_id\" id=\"form_id_um_password_id\" value=\"um_password_id\" \/>\n\t\t<p class=\"um_request_name\">\n\t\t<label for=\"um_request_um_password_id\">Only fill in if you are not human<\/label>\n\t\t<input type=\"hidden\" name=\"um_request\" id=\"um_request_um_password_id\" class=\"input\" value=\"\" size=\"25\" autocomplete=\"off\" \/>\n\t<\/p>\n\t\t\t<\/form>\n\t<\/div>\n<\/div>\n<style>\n\t\t\t.um-um_password_id.um {\n\t\t\tmax-width: 450px;\n\t\t}\n\t\t<\/style>\n<\/div>\n\t\t\t\t\t\t<\/div>\n\t\t\t\t<\/div>\n\t\t\t\t\t<\/div>\n\t\t<\/div>\n\t\t\t\t\t<\/div>\n\t\t<\/section>\n\t\t\t\t<\/div>\n\t\t","protected":false},"excerpt":{"rendered":"","protected":false},"author":1,"featured_media":0,"parent":0,"menu_order":0,"comment_status":"closed","ping_status":"closed","template":"","meta":{"inline_featured_image":false,"site-sidebar-layout":"no-sidebar","site-content-layout":"page-builder","ast-site-content-layout":"default","site-content-style":"default","site-sidebar-style":"default","ast-global-header-display":"","ast-banner-title-visibility":"","ast-main-header-display":"","ast-hfb-above-header-display":"","ast-hfb-below-header-display":"","ast-hfb-mobile-header-display":"","site-post-title":"disabled","ast-breadcrumbs-content":"","ast-featured-img":"disabled","footer-sml-layout":"","ast-disable-related-posts":"","theme-transparent-header-meta":"","adv-header-id-meta":"","stick-header-meta":"","header-above-stick-meta":"","header-main-stick-meta":"","header-below-stick-meta":"","astra-migrate-meta-layouts":"default","ast-page-background-enabled":"default","ast-page-background-meta":{"desktop":{"background-color":"var(--ast-global-color-4)","background-image":"","background-repeat":"repeat","background-position":"center center","background-size":"auto","background-attachment":"scroll","background-type":"","background-media":"","overlay-type":"","overlay-color":"","overlay-opacity":"","overlay-gradient":""},"tablet":{"background-color":"","background-image":"","background-repeat":"repeat","background-position":"center center","background-size":"auto","background-attachment":"scroll","background-type":"","background-media":"","overlay-type":"","overlay-color":"","overlay-opacity":"","overlay-gradient":""},"mobile":{"background-color":"","background-image":"","background-repeat":"repeat","background-position":"center center","background-size":"auto","background-attachment":"scroll","background-type":"","background-media":"","overlay-type":"","overlay-color":"","overlay-opacity":"","overlay-gradient":""}},"ast-content-background-meta":{"desktop":{"background-color":"var(--ast-global-color-5)","background-image":"","background-repeat":"repeat","background-position":"center center","background-size":"auto","background-attachment":"scroll","background-type":"","background-media":"","overlay-type":"","overlay-color":"","overlay-opacity":"","overlay-gradient":""},"tablet":{"background-color":"var(--ast-global-color-5)","background-image":"","background-repeat":"repeat","background-position":"center center","background-size":"auto","background-attachment":"scroll","background-type":"","background-media":"","overlay-type":"","overlay-color":"","overlay-opacity":"","overlay-gradient":""},"mobile":{"background-color":"var(--ast-global-color-5)","background-image":"","background-repeat":"repeat","background-position":"center center","background-size":"auto","background-attachment":"scroll","background-type":"","background-media":"","overlay-type":"","overlay-color":"","overlay-opacity":"","overlay-gradient":""}},"footnotes":""},"class_list":["post-49482","page","type-page","status-publish","hentry"],"yoast_head":"<!-- This site is optimized with the Yoast SEO plugin v27.4 - https:\/\/yoast.com\/product\/yoast-seo-wordpress\/ -->\n<title>UM - Password Reset - GLOBESY, s.r.o.<\/title>\n<meta name=\"robots\" content=\"index, follow, max-snippet:-1, max-image-preview:large, max-video-preview:-1\" \/>\n<link rel=\"canonical\" href=\"https:\/\/www.globesy.sk\/cs\/um-password-reset\/\" \/>\n<meta property=\"og:locale\" content=\"cs_CZ\" \/>\n<meta property=\"og:type\" content=\"article\" \/>\n<meta property=\"og:title\" content=\"UM - Password Reset - GLOBESY, s.r.o.\" \/>\n<meta property=\"og:url\" content=\"https:\/\/www.globesy.sk\/cs\/um-password-reset\/\" \/>\n<meta property=\"og:site_name\" content=\"GLOBESY, s.r.o.\" \/>\n<meta property=\"article:publisher\" content=\"https:\/\/www.facebook.com\/GLOBESY\/\" \/>\n<meta property=\"article:modified_time\" content=\"2026-02-19T09:56:55+00:00\" \/>\n<meta name=\"twitter:card\" content=\"summary_large_image\" \/>\n<script type=\"application\/ld+json\" class=\"yoast-schema-graph\">{\"@context\":\"https:\\\/\\\/schema.org\",\"@graph\":[{\"@type\":\"WebPage\",\"@id\":\"https:\\\/\\\/www.globesy.sk\\\/cs\\\/um-password-reset\\\/\",\"url\":\"https:\\\/\\\/www.globesy.sk\\\/cs\\\/um-password-reset\\\/\",\"name\":\"UM - Password Reset - GLOBESY, s.r.o.\",\"isPartOf\":{\"@id\":\"https:\\\/\\\/www.globesy.sk\\\/#website\"},\"datePublished\":\"2025-11-24T09:11:05+00:00\",\"dateModified\":\"2026-02-19T09:56:55+00:00\",\"inLanguage\":\"cs\",\"potentialAction\":[{\"@type\":\"ReadAction\",\"target\":[\"https:\\\/\\\/www.globesy.sk\\\/cs\\\/um-password-reset\\\/\"]}]},{\"@type\":\"WebSite\",\"@id\":\"https:\\\/\\\/www.globesy.sk\\\/#website\",\"url\":\"https:\\\/\\\/www.globesy.sk\\\/\",\"name\":\"GLOBESY, s.r.o.\",\"description\":\"SAP ERP pre informa\u010dn\u00fd syst\u00e9m, v\u00fdvoj, port\u00e1lov\u00e9 rie\u0161enia, mobiln\u00e9 aplik\u00e1cie, konzulta\u010dn\u00e9 slu\u017eby HCM.\",\"publisher\":{\"@id\":\"https:\\\/\\\/www.globesy.sk\\\/#organization\"},\"potentialAction\":[{\"@type\":\"SearchAction\",\"target\":{\"@type\":\"EntryPoint\",\"urlTemplate\":\"https:\\\/\\\/www.globesy.sk\\\/?s={search_term_string}\"},\"query-input\":{\"@type\":\"PropertyValueSpecification\",\"valueRequired\":true,\"valueName\":\"search_term_string\"}}],\"inLanguage\":\"cs\"},{\"@type\":\"Organization\",\"@id\":\"https:\\\/\\\/www.globesy.sk\\\/#organization\",\"name\":\"GLOBESY, s.r.o.\",\"url\":\"https:\\\/\\\/www.globesy.sk\\\/\",\"logo\":{\"@type\":\"ImageObject\",\"inLanguage\":\"cs\",\"@id\":\"https:\\\/\\\/www.globesy.sk\\\/#\\\/schema\\\/logo\\\/image\\\/\",\"url\":\"https:\\\/\\\/www.globesy.sk\\\/wp-content\\\/uploads\\\/2022\\\/07\\\/logogbs-footer.svg\",\"contentUrl\":\"https:\\\/\\\/www.globesy.sk\\\/wp-content\\\/uploads\\\/2022\\\/07\\\/logogbs-footer.svg\",\"width\":221,\"height\":51,\"caption\":\"GLOBESY, s.r.o.\"},\"image\":{\"@id\":\"https:\\\/\\\/www.globesy.sk\\\/#\\\/schema\\\/logo\\\/image\\\/\"},\"sameAs\":[\"https:\\\/\\\/www.facebook.com\\\/GLOBESY\\\/\",\"https:\\\/\\\/www.instagram.com\\\/_globesy_\\\/\",\"https:\\\/\\\/www.linkedin.com\\\/company\\\/globesy-s-r-o-\\\/\"]}]}<\/script>\n<!-- \/ Yoast SEO plugin. -->","yoast_head_json":{"title":"UM - Password Reset - GLOBESY, s.r.o.","robots":{"index":"index","follow":"follow","max-snippet":"max-snippet:-1","max-image-preview":"max-image-preview:large","max-video-preview":"max-video-preview:-1"},"canonical":"https:\/\/www.globesy.sk\/cs\/um-password-reset\/","og_locale":"cs_CZ","og_type":"article","og_title":"UM - Password Reset - GLOBESY, s.r.o.","og_url":"https:\/\/www.globesy.sk\/cs\/um-password-reset\/","og_site_name":"GLOBESY, s.r.o.","article_publisher":"https:\/\/www.facebook.com\/GLOBESY\/","article_modified_time":"2026-02-19T09:56:55+00:00","twitter_card":"summary_large_image","schema":{"@context":"https:\/\/schema.org","@graph":[{"@type":"WebPage","@id":"https:\/\/www.globesy.sk\/cs\/um-password-reset\/","url":"https:\/\/www.globesy.sk\/cs\/um-password-reset\/","name":"UM - Password Reset - GLOBESY, s.r.o.","isPartOf":{"@id":"https:\/\/www.globesy.sk\/#website"},"datePublished":"2025-11-24T09:11:05+00:00","dateModified":"2026-02-19T09:56:55+00:00","inLanguage":"cs","potentialAction":[{"@type":"ReadAction","target":["https:\/\/www.globesy.sk\/cs\/um-password-reset\/"]}]},{"@type":"WebSite","@id":"https:\/\/www.globesy.sk\/#website","url":"https:\/\/www.globesy.sk\/","name":"GLOBESY, s.r.o.","description":"SAP ERP pre informa\u010dn\u00fd syst\u00e9m, v\u00fdvoj, port\u00e1lov\u00e9 rie\u0161enia, mobiln\u00e9 aplik\u00e1cie, konzulta\u010dn\u00e9 slu\u017eby HCM.","publisher":{"@id":"https:\/\/www.globesy.sk\/#organization"},"potentialAction":[{"@type":"SearchAction","target":{"@type":"EntryPoint","urlTemplate":"https:\/\/www.globesy.sk\/?s={search_term_string}"},"query-input":{"@type":"PropertyValueSpecification","valueRequired":true,"valueName":"search_term_string"}}],"inLanguage":"cs"},{"@type":"Organization","@id":"https:\/\/www.globesy.sk\/#organization","name":"GLOBESY, s.r.o.","url":"https:\/\/www.globesy.sk\/","logo":{"@type":"ImageObject","inLanguage":"cs","@id":"https:\/\/www.globesy.sk\/#\/schema\/logo\/image\/","url":"https:\/\/www.globesy.sk\/wp-content\/uploads\/2022\/07\/logogbs-footer.svg","contentUrl":"https:\/\/www.globesy.sk\/wp-content\/uploads\/2022\/07\/logogbs-footer.svg","width":221,"height":51,"caption":"GLOBESY, s.r.o."},"image":{"@id":"https:\/\/www.globesy.sk\/#\/schema\/logo\/image\/"},"sameAs":["https:\/\/www.facebook.com\/GLOBESY\/","https:\/\/www.instagram.com\/_globesy_\/","https:\/\/www.linkedin.com\/company\/globesy-s-r-o-\/"]}]}},"_links":{"self":[{"href":"https:\/\/www.globesy.sk\/cs\/wp-json\/wp\/v2\/pages\/49482","targetHints":{"allow":["GET"]}}],"collection":[{"href":"https:\/\/www.globesy.sk\/cs\/wp-json\/wp\/v2\/pages"}],"about":[{"href":"https:\/\/www.globesy.sk\/cs\/wp-json\/wp\/v2\/types\/page"}],"author":[{"embeddable":true,"href":"https:\/\/www.globesy.sk\/cs\/wp-json\/wp\/v2\/users\/1"}],"replies":[{"embeddable":true,"href":"https:\/\/www.globesy.sk\/cs\/wp-json\/wp\/v2\/comments?post=49482"}],"version-history":[{"count":1,"href":"https:\/\/www.globesy.sk\/cs\/wp-json\/wp\/v2\/pages\/49482\/revisions"}],"predecessor-version":[{"id":49483,"href":"https:\/\/www.globesy.sk\/cs\/wp-json\/wp\/v2\/pages\/49482\/revisions\/49483"}],"wp:attachment":[{"href":"https:\/\/www.globesy.sk\/cs\/wp-json\/wp\/v2\/media?parent=49482"}],"curies":[{"name":"wp","href":"https:\/\/api.w.org\/{rel}","templated":true}]}}