{"id":49464,"date":"2025-11-26T10:58:10","date_gmt":"2025-11-26T09:58:10","guid":{"rendered":"https:\/\/www.globesy.sk\/um-login\/"},"modified":"2026-02-19T10:55:03","modified_gmt":"2026-02-19T09:55:03","slug":"um-login","status":"publish","type":"page","link":"https:\/\/www.globesy.sk\/cs\/um-login\/","title":{"rendered":"UM &#8211; Login"},"content":{"rendered":"\t\t<div data-elementor-type=\"wp-page\" data-elementor-id=\"49464\" class=\"elementor elementor-49464 elementor-46581\" data-elementor-post-type=\"page\">\n\t\t\t\t\t\t<section class=\"has_eae_slider elementor-section elementor-top-section elementor-element elementor-element-db553a4 elementor-section-height-full elementor-section-boxed elementor-section-height-default elementor-section-items-middle\" data-eae-slider=\"23078\" data-id=\"db553a4\" data-element_type=\"section\" data-e-type=\"section\" data-settings=\"{&quot;background_background&quot;:&quot;gradient&quot;}\">\n\t\t\t\t\t\t\t<div class=\"elementor-background-overlay\"><\/div>\n\t\t\t\t\t\t\t<div class=\"elementor-container elementor-column-gap-default\">\n\t\t\t\t\t<div class=\"has_eae_slider elementor-column elementor-col-100 elementor-top-column elementor-element elementor-element-1e7ba32\" data-eae-slider=\"72280\" data-id=\"1e7ba32\" data-element_type=\"column\" data-e-type=\"column\" data-settings=\"{&quot;background_background&quot;:&quot;classic&quot;}\">\n\t\t\t<div class=\"elementor-widget-wrap elementor-element-populated\">\n\t\t\t\t\t\t<section class=\"has_eae_slider elementor-section elementor-inner-section elementor-element elementor-element-1dc4d6b elementor-section-boxed elementor-section-height-default elementor-section-height-default\" data-eae-slider=\"83489\" data-id=\"1dc4d6b\" data-element_type=\"section\" data-e-type=\"section\">\n\t\t\t\t\t\t<div class=\"elementor-container elementor-column-gap-default\">\n\t\t\t\t\t<div class=\"has_eae_slider elementor-column elementor-col-100 elementor-inner-column elementor-element elementor-element-77d8906\" data-eae-slider=\"39656\" data-id=\"77d8906\" data-element_type=\"column\" data-e-type=\"column\">\n\t\t\t<div class=\"elementor-widget-wrap elementor-element-populated\">\n\t\t\t\t\t\t\t<\/div>\n\t\t<\/div>\n\t\t\t\t\t<\/div>\n\t\t<\/section>\n\t\t\t\t<div class=\"elementor-element elementor-element-b170429 elementor-button-align-stretch elementor-widget elementor-widget-login\" data-id=\"b170429\" data-element_type=\"widget\" data-e-type=\"widget\" data-widget_type=\"login.default\">\n\t\t\t\t<div class=\"elementor-widget-container\">\n\t\t\t\t\t\t\t<form class=\"elementor-login elementor-form\" method=\"post\" action=\"https:\/\/www.globesy.sk\/wp-login.php\" aria-label=\"Login form\">\n\t\t\t<input type=\"hidden\" name=\"redirect_to\" value=\"https:\/\/www.globesy.sk\/zakaznicka-zona-produkty\/\">\n\t\t\t<div class=\"elementor-form-fields-wrapper\">\n\t\t\t\t<div class=\"elementor-field-type-text elementor-field-group elementor-column elementor-col-100 elementor-field-required\">\n\t\t\t\t\t<label for=\"user-b170429\" class=\"elementor-field-label\">E-mail<\/label>\n\t\t\t\t\t<input size=\"1\" type=\"text\" name=\"log\" id=\"user-b170429\" placeholder=\"E-mail\" class=\"elementor-field elementor-field-textual elementor-size-sm\">\n\t\t\t\t<\/div>\n\t\t\t\t<div class=\"elementor-field-type-text elementor-field-group elementor-column elementor-col-100 elementor-field-required\">\n\t\t\t\t\t<label for=\"password-b170429\" class=\"elementor-field-label\">Heslo<\/label>\n\t\t\t\t\t<input size=\"1\" type=\"password\" name=\"pwd\" id=\"password-b170429\" placeholder=\"Heslo\" class=\"elementor-field elementor-field-textual elementor-size-sm\">\n\t\t\t\t<\/div>\n\n\t\t\t\t\n\t\t\t\t<div class=\"elementor-field-group elementor-column elementor-field-type-submit elementor-col-100\">\n\t\t\t\t\t<button type=\"submit\" class=\"elementor-size-sm elementor-button\" name=\"wp-submit\">\n\t\t\t\t\t\t\t\t\t\t\t\t\t\t\t<span class=\"elementor-button-text\">P\u0159ihl\u00e1sit se<\/span>\n\t\t\t\t\t\t\t\t\t\t\t\t<\/button>\n\t\t\t\t<\/div>\n\n\t\t\t\t\t\t\t<\/div>\n\t\t<\/form>\n\t\t\t\t\t\t<\/div>\n\t\t\t\t<\/div>\n\t\t\t\t\t<\/div>\n\t\t<\/div>\n\t\t\t\t\t<\/div>\n\t\t<\/section>\n\t\t\t\t<\/div>\n\t\t","protected":false},"excerpt":{"rendered":"<p>Moje z\u00f3na Odhl\u00e1sit se<\/p>\n","protected":false},"author":1,"featured_media":0,"parent":0,"menu_order":0,"comment_status":"closed","ping_status":"closed","template":"","meta":{"inline_featured_image":false,"site-sidebar-layout":"no-sidebar","site-content-layout":"page-builder","ast-site-content-layout":"default","site-content-style":"default","site-sidebar-style":"default","ast-global-header-display":"","ast-banner-title-visibility":"","ast-main-header-display":"","ast-hfb-above-header-display":"","ast-hfb-below-header-display":"","ast-hfb-mobile-header-display":"","site-post-title":"disabled","ast-breadcrumbs-content":"","ast-featured-img":"disabled","footer-sml-layout":"","ast-disable-related-posts":"","theme-transparent-header-meta":"","adv-header-id-meta":"","stick-header-meta":"","header-above-stick-meta":"","header-main-stick-meta":"","header-below-stick-meta":"","astra-migrate-meta-layouts":"default","ast-page-background-enabled":"default","ast-page-background-meta":{"desktop":{"background-color":"var(--ast-global-color-4)","background-image":"","background-repeat":"repeat","background-position":"center center","background-size":"auto","background-attachment":"scroll","background-type":"","background-media":"","overlay-type":"","overlay-color":"","overlay-opacity":"","overlay-gradient":""},"tablet":{"background-color":"","background-image":"","background-repeat":"repeat","background-position":"center center","background-size":"auto","background-attachment":"scroll","background-type":"","background-media":"","overlay-type":"","overlay-color":"","overlay-opacity":"","overlay-gradient":""},"mobile":{"background-color":"","background-image":"","background-repeat":"repeat","background-position":"center center","background-size":"auto","background-attachment":"scroll","background-type":"","background-media":"","overlay-type":"","overlay-color":"","overlay-opacity":"","overlay-gradient":""}},"ast-content-background-meta":{"desktop":{"background-color":"var(--ast-global-color-5)","background-image":"","background-repeat":"repeat","background-position":"center center","background-size":"auto","background-attachment":"scroll","background-type":"","background-media":"","overlay-type":"","overlay-color":"","overlay-opacity":"","overlay-gradient":""},"tablet":{"background-color":"var(--ast-global-color-5)","background-image":"","background-repeat":"repeat","background-position":"center center","background-size":"auto","background-attachment":"scroll","background-type":"","background-media":"","overlay-type":"","overlay-color":"","overlay-opacity":"","overlay-gradient":""},"mobile":{"background-color":"var(--ast-global-color-5)","background-image":"","background-repeat":"repeat","background-position":"center center","background-size":"auto","background-attachment":"scroll","background-type":"","background-media":"","overlay-type":"","overlay-color":"","overlay-opacity":"","overlay-gradient":""}},"footnotes":""},"class_list":["post-49464","page","type-page","status-publish","hentry"],"yoast_head":"<!-- This site is optimized with the Yoast SEO plugin v27.4 - https:\/\/yoast.com\/product\/yoast-seo-wordpress\/ -->\n<title>UM - Login - GLOBESY, s.r.o.<\/title>\n<meta name=\"robots\" content=\"index, follow, max-snippet:-1, max-image-preview:large, max-video-preview:-1\" \/>\n<link rel=\"canonical\" href=\"https:\/\/www.globesy.sk\/cs\/um-login\/\" \/>\n<meta property=\"og:locale\" content=\"cs_CZ\" \/>\n<meta property=\"og:type\" content=\"article\" \/>\n<meta property=\"og:title\" content=\"UM - Login - GLOBESY, s.r.o.\" \/>\n<meta property=\"og:description\" content=\"Moje z\u00f3na Odhl\u00e1sit se\" \/>\n<meta property=\"og:url\" content=\"https:\/\/www.globesy.sk\/cs\/um-login\/\" \/>\n<meta property=\"og:site_name\" content=\"GLOBESY, s.r.o.\" \/>\n<meta property=\"article:publisher\" content=\"https:\/\/www.facebook.com\/GLOBESY\/\" \/>\n<meta property=\"article:modified_time\" content=\"2026-02-19T09:55:03+00:00\" \/>\n<meta name=\"twitter:card\" content=\"summary_large_image\" \/>\n<script type=\"application\/ld+json\" class=\"yoast-schema-graph\">{\"@context\":\"https:\\\/\\\/schema.org\",\"@graph\":[{\"@type\":\"WebPage\",\"@id\":\"https:\\\/\\\/www.globesy.sk\\\/cs\\\/um-login\\\/\",\"url\":\"https:\\\/\\\/www.globesy.sk\\\/cs\\\/um-login\\\/\",\"name\":\"UM - Login - GLOBESY, s.r.o.\",\"isPartOf\":{\"@id\":\"https:\\\/\\\/www.globesy.sk\\\/#website\"},\"datePublished\":\"2025-11-26T09:58:10+00:00\",\"dateModified\":\"2026-02-19T09:55:03+00:00\",\"inLanguage\":\"cs\",\"potentialAction\":[{\"@type\":\"ReadAction\",\"target\":[\"https:\\\/\\\/www.globesy.sk\\\/cs\\\/um-login\\\/\"]}]},{\"@type\":\"WebSite\",\"@id\":\"https:\\\/\\\/www.globesy.sk\\\/#website\",\"url\":\"https:\\\/\\\/www.globesy.sk\\\/\",\"name\":\"GLOBESY, s.r.o.\",\"description\":\"SAP ERP pre informa\u010dn\u00fd syst\u00e9m, v\u00fdvoj, port\u00e1lov\u00e9 rie\u0161enia, mobiln\u00e9 aplik\u00e1cie, konzulta\u010dn\u00e9 slu\u017eby HCM.\",\"publisher\":{\"@id\":\"https:\\\/\\\/www.globesy.sk\\\/#organization\"},\"potentialAction\":[{\"@type\":\"SearchAction\",\"target\":{\"@type\":\"EntryPoint\",\"urlTemplate\":\"https:\\\/\\\/www.globesy.sk\\\/?s={search_term_string}\"},\"query-input\":{\"@type\":\"PropertyValueSpecification\",\"valueRequired\":true,\"valueName\":\"search_term_string\"}}],\"inLanguage\":\"cs\"},{\"@type\":\"Organization\",\"@id\":\"https:\\\/\\\/www.globesy.sk\\\/#organization\",\"name\":\"GLOBESY, s.r.o.\",\"url\":\"https:\\\/\\\/www.globesy.sk\\\/\",\"logo\":{\"@type\":\"ImageObject\",\"inLanguage\":\"cs\",\"@id\":\"https:\\\/\\\/www.globesy.sk\\\/#\\\/schema\\\/logo\\\/image\\\/\",\"url\":\"https:\\\/\\\/www.globesy.sk\\\/wp-content\\\/uploads\\\/2022\\\/07\\\/logogbs-footer.svg\",\"contentUrl\":\"https:\\\/\\\/www.globesy.sk\\\/wp-content\\\/uploads\\\/2022\\\/07\\\/logogbs-footer.svg\",\"width\":221,\"height\":51,\"caption\":\"GLOBESY, s.r.o.\"},\"image\":{\"@id\":\"https:\\\/\\\/www.globesy.sk\\\/#\\\/schema\\\/logo\\\/image\\\/\"},\"sameAs\":[\"https:\\\/\\\/www.facebook.com\\\/GLOBESY\\\/\",\"https:\\\/\\\/www.instagram.com\\\/_globesy_\\\/\",\"https:\\\/\\\/www.linkedin.com\\\/company\\\/globesy-s-r-o-\\\/\"]}]}<\/script>\n<!-- \/ Yoast SEO plugin. -->","yoast_head_json":{"title":"UM - Login - GLOBESY, s.r.o.","robots":{"index":"index","follow":"follow","max-snippet":"max-snippet:-1","max-image-preview":"max-image-preview:large","max-video-preview":"max-video-preview:-1"},"canonical":"https:\/\/www.globesy.sk\/cs\/um-login\/","og_locale":"cs_CZ","og_type":"article","og_title":"UM - Login - GLOBESY, s.r.o.","og_description":"Moje z\u00f3na Odhl\u00e1sit se","og_url":"https:\/\/www.globesy.sk\/cs\/um-login\/","og_site_name":"GLOBESY, s.r.o.","article_publisher":"https:\/\/www.facebook.com\/GLOBESY\/","article_modified_time":"2026-02-19T09:55:03+00:00","twitter_card":"summary_large_image","schema":{"@context":"https:\/\/schema.org","@graph":[{"@type":"WebPage","@id":"https:\/\/www.globesy.sk\/cs\/um-login\/","url":"https:\/\/www.globesy.sk\/cs\/um-login\/","name":"UM - Login - GLOBESY, s.r.o.","isPartOf":{"@id":"https:\/\/www.globesy.sk\/#website"},"datePublished":"2025-11-26T09:58:10+00:00","dateModified":"2026-02-19T09:55:03+00:00","inLanguage":"cs","potentialAction":[{"@type":"ReadAction","target":["https:\/\/www.globesy.sk\/cs\/um-login\/"]}]},{"@type":"WebSite","@id":"https:\/\/www.globesy.sk\/#website","url":"https:\/\/www.globesy.sk\/","name":"GLOBESY, s.r.o.","description":"SAP ERP pre informa\u010dn\u00fd syst\u00e9m, v\u00fdvoj, port\u00e1lov\u00e9 rie\u0161enia, mobiln\u00e9 aplik\u00e1cie, konzulta\u010dn\u00e9 slu\u017eby HCM.","publisher":{"@id":"https:\/\/www.globesy.sk\/#organization"},"potentialAction":[{"@type":"SearchAction","target":{"@type":"EntryPoint","urlTemplate":"https:\/\/www.globesy.sk\/?s={search_term_string}"},"query-input":{"@type":"PropertyValueSpecification","valueRequired":true,"valueName":"search_term_string"}}],"inLanguage":"cs"},{"@type":"Organization","@id":"https:\/\/www.globesy.sk\/#organization","name":"GLOBESY, s.r.o.","url":"https:\/\/www.globesy.sk\/","logo":{"@type":"ImageObject","inLanguage":"cs","@id":"https:\/\/www.globesy.sk\/#\/schema\/logo\/image\/","url":"https:\/\/www.globesy.sk\/wp-content\/uploads\/2022\/07\/logogbs-footer.svg","contentUrl":"https:\/\/www.globesy.sk\/wp-content\/uploads\/2022\/07\/logogbs-footer.svg","width":221,"height":51,"caption":"GLOBESY, s.r.o."},"image":{"@id":"https:\/\/www.globesy.sk\/#\/schema\/logo\/image\/"},"sameAs":["https:\/\/www.facebook.com\/GLOBESY\/","https:\/\/www.instagram.com\/_globesy_\/","https:\/\/www.linkedin.com\/company\/globesy-s-r-o-\/"]}]}},"_links":{"self":[{"href":"https:\/\/www.globesy.sk\/cs\/wp-json\/wp\/v2\/pages\/49464","targetHints":{"allow":["GET"]}}],"collection":[{"href":"https:\/\/www.globesy.sk\/cs\/wp-json\/wp\/v2\/pages"}],"about":[{"href":"https:\/\/www.globesy.sk\/cs\/wp-json\/wp\/v2\/types\/page"}],"author":[{"embeddable":true,"href":"https:\/\/www.globesy.sk\/cs\/wp-json\/wp\/v2\/users\/1"}],"replies":[{"embeddable":true,"href":"https:\/\/www.globesy.sk\/cs\/wp-json\/wp\/v2\/comments?post=49464"}],"version-history":[{"count":2,"href":"https:\/\/www.globesy.sk\/cs\/wp-json\/wp\/v2\/pages\/49464\/revisions"}],"predecessor-version":[{"id":49475,"href":"https:\/\/www.globesy.sk\/cs\/wp-json\/wp\/v2\/pages\/49464\/revisions\/49475"}],"wp:attachment":[{"href":"https:\/\/www.globesy.sk\/cs\/wp-json\/wp\/v2\/media?parent=49464"}],"curies":[{"name":"wp","href":"https:\/\/api.w.org\/{rel}","templated":true}]}}